{"id":16373,"date":"2022-12-28T12:37:30","date_gmt":"2022-12-28T12:37:30","guid":{"rendered":"http:\/\/bioenergo.fi\/?page_id=16373"},"modified":"2023-01-19T15:33:45","modified_gmt":"2023-01-19T15:33:45","slug":"products","status":"publish","type":"page","link":"https:\/\/bioenergo.fi\/fi\/products\/","title":{"rendered":"<p>TUOTTEET<\/p>"},"content":{"rendered":"<div data-vc-full-width=\"true\" data-vc-full-width-init=\"false\" class=\"vc_row wpb_row vc_row-fluid vc_custom_1672867233798 webgatha-row-24896\" style=\"background-position:center top !important;\"><div class=\"wpb_column vc_column_container vc_col-sm-12 webgatha-column-c86a7 text-left\"><div class=\"vc_column-inner\"><div class=\"wpb_wrapper\">\t\t<div class=\"webgatha_section_title_wrapper webgatha-section-title-11833d4b4\">\n\t\t\t\n<div class=\"section-title-cover text-left\">\n\t<\/div>\n\t\t<\/div>\n\t\t<\/div><\/div><\/div><div class=\"vc_row-full-width vc_clearfix\"><\/div><div class=\"vc_row wpb_row vc_row-fluid vc_custom_1672773104200 webgatha-row-beb22\"><div style=\"background-position:center top !important;\" class=\"wpb_column vc_column_container vc_col-sm-12 webgatha-column-912d2 text-left\"><div class=\"vc_column-inner\"><div class=\"wpb_wrapper\">\t\t<div class=\"webgatha_section_title_wrapper vc_custom_1672773119144 webgatha-section-title-0459f8ebb\">\n\t\t\t\n<div class=\"section-title-cover text-left\">\n\t\t\t<h3 class=\"section-main-title\">\n\t\t\tTUOTTEET\t\t<\/h3>\n\t\t<\/div>\n\t\t<\/div>\n\t\t<div id=\"1672772716700-fe8f130a-dcc1\" class=\"vc_row wpb_row vc_inner vc_row-fluid\"><div class=\"wpb_column vc_column_container vc_col-sm-6 text-left\" id=\"1672772716718-4a6a2f71-9fa2\"><div class=\"vc_column-inner vc_custom_1564398982234\"><div class=\"wpb_wrapper\">\t\t<div class=\"webgatha_infobox_wrapper webgatha-infobox-c058f544c\">\n\t\t\t<div class=\"webgatha-infobox webgatha-infobox-style-1 infobox-color-dark infobox-steps-disable webgatha-icon-flat infobox-icon-type-fontawesome webgatha-alignment-left\">\n\t<div class=\"webgatha-infobox-inner\">\n\t\t\t\t\t<div class=\"webgatha-infobox-icon\">\n\t\t\t\t\t\t\t\t\t<div class=\"infobox-icon webgatha-flat-round infobox-icon-medium infobox-img webgatha-image-round\">\n\t\t\t\t\t\t<img src=\"https:\/\/bioenergo.fi\/wp-content\/uploads\/2023\/01\/bioethanol-logo-e1675260924409-150x150.png\" alt=\"Infobox Image\">\t\t\t\t\t<\/div>\n\t\t\t\t\t\t\t\t<\/div>\n\t\t\t\t\t<div class=\"webgatha-infobox-info\">\n\t\t\t\t\t\t\t<div class=\"webgatha-infobox-title\">\n\t\t\t\t\t<h3 class=\"title-name\">Bioetanoli<\/h3>\t\t\t\t<\/div>\n\t\t\t\t\t\t\t\t<div class=\"webgatha-infobox-description\">\n\t\t\t\t\tBioEnergo tuottaa ilmastoyst\u00e4v\u00e4llist\u00e4 EU RED II -direktiivin mukaista* kehittynytt\u00e4 bioetanolia, joka toimitetaan liikenteen polttoaineeksi.<br>\nBioEnergo k\u00e4ytt\u00e4\u00e4 tuotannon raaka-aineena sahateollisuuden prosesseissa sivuvirtana syntyv\u00e4\u00e4 havusahanpurua, mik\u00e4 tekee bioetanolistamme EU RED II -direktiivin liite IX osan A mukaisen kehittyneen biopolttoaineen. \nEU RED II -direktiivi velvoittaa polttoaineiden jakelijoita toimittamaan vuosittain kulutukseen v\u00e4himm\u00e4isosuuden liitteen IX osan A mukaisia kehittyneit\u00e4 biopolttoaineita - v\u00e4hint\u00e4\u00e4n 0,2% vuonna 2022, v\u00e4hint\u00e4\u00e4n 1,0% vuonna 2025 ja v\u00e4hint\u00e4\u00e4n 3,5% vuonna 2030 ja eteenp\u00e4in.\t\t\t\t<\/div>\n\t\t\t\t\t\t<\/div>\n\t\t\t<\/div>\n<\/div>\n\n\t\t<\/div>\n\t\t\n\t<div class=\"wpb_text_column wpb_content_element\">\n\t\t<div class=\"wpb_wrapper\">\n\t\t\t<p style=\"font-size: 10px;\">* BioEnergon liikenteen biopolttoaineilla saavutetaan noin 100 %* kasvihuonekaasujen p\u00e4\u00e4st\u00f6v\u00e4hennys verrattuna EU RED II -direktiivin fossiilisten polttoaineiden vertailuarvoon 94 g CO2ekv\/MJ. (*Sis\u00e4lt\u00e4en CCU-hiilidioksidin talteenoton)<\/p>\n\n\t\t<\/div>\n\t<\/div>\n<\/div><\/div><\/div><div class=\"wpb_column vc_column_container vc_col-sm-6 text-left\" id=\"1672772782567-de3bd0cd-45c9\"><div class=\"vc_column-inner\"><div class=\"wpb_wrapper\">\t\t<div class=\"webgatha_infobox_wrapper webgatha-infobox-4f1f29888\">\n\t\t\t<div class=\"webgatha-infobox webgatha-infobox-style-1 infobox-color-dark infobox-steps-disable webgatha-icon-flat infobox-icon-type-fontawesome webgatha-alignment-left\">\n\t<div class=\"webgatha-infobox-inner\">\n\t\t\t\t\t<div class=\"webgatha-infobox-icon\">\n\t\t\t\t\t\t\t\t\t<div class=\"infobox-icon webgatha-flat-round infobox-icon-medium infobox-img webgatha-image-round\">\n\t\t\t\t\t\t<img src=\"https:\/\/bioenergo.fi\/wp-content\/uploads\/2023\/01\/biogas-logo-e1675260909341-150x150.png\" alt=\"Infobox Image\">\t\t\t\t\t<\/div>\n\t\t\t\t\t\t\t\t<\/div>\n\t\t\t\t\t<div class=\"webgatha-infobox-info\">\n\t\t\t\t\t\t\t<div class=\"webgatha-infobox-title\">\n\t\t\t\t\t<h3 class=\"title-name\">Biokaasu<\/h3>\t\t\t\t<\/div>\n\t\t\t\t\t\t\t\t<div class=\"webgatha-infobox-description\">\n\t\t\t\t\tBioEnergon j\u00e4teveden k\u00e4sittely tuottaa merkitt\u00e4v\u00e4n m\u00e4\u00e4r\u00e4n biokaasua. Kaasu otetetaan talteen, puhdistetaan, jalostetaan ja nesteytet\u00e4\u00e4n biometaaniksi, joka toimitetaan polttoaineeksi l\u00e4hinn\u00e4 raskaan liikenteen k\u00e4ytt\u00f6\u00f6n.<br>\nNesteytetty biokaasu (LBG) on uusiutuva vaihtoehto fossiiliselle nesteytetylle maakaasulle (LNG) ja tarjoaa ilmastoyst\u00e4v\u00e4llisen liikenteen polttoainevaihtoehdon merkitt\u00e4v\u00e4sti pienemmill\u00e4 kasvihuonekaasup\u00e4\u00e4st\u00f6ill\u00e4. BioEnergon nesteytetty biokaasu on EU RED II -direktiivin liite IX osan A mukainen kehittynyt biopolttoaine*.\t\t\t\t<\/div>\n\t\t\t\t\t\t<\/div>\n\t\t\t<\/div>\n<\/div>\n\n\t\t<\/div>\n\t\t\n\t<div class=\"wpb_text_column wpb_content_element\">\n\t\t<div class=\"wpb_wrapper\">\n\t\t\t<p style=\"font-size: 10px;\">* BioEnergon liikenteen biopolttoaineilla saavutetaan noin 100 %* kasvihuonekaasujen p\u00e4\u00e4st\u00f6v\u00e4hennys verrattuna EU RED II -direktiivin fossiilisten polttoaineiden vertailuarvoon 94 g CO2ekv\/MJ. (*Sis\u00e4lt\u00e4en CCU-hiilidioksidin talteenoton)<\/p>\n\n\t\t<\/div>\n\t<\/div>\n<\/div><\/div><\/div><\/div><div id=\"1672772871641-98c2f2a5-86dd\" class=\"vc_row wpb_row vc_inner vc_row-fluid vc_custom_1672773080667\"><div class=\"wpb_column vc_column_container vc_col-sm-6 text-left\" id=\"1672772871655-c1df2cba-27f5\"><div class=\"vc_column-inner vc_custom_1672773587187\"><div class=\"wpb_wrapper\">\t\t<div class=\"webgatha_infobox_wrapper webgatha-infobox-db2b41821\">\n\t\t\t<div class=\"webgatha-infobox webgatha-infobox-style-1 infobox-color-dark infobox-steps-disable webgatha-icon-flat infobox-icon-type-fontawesome webgatha-alignment-left\">\n\t<div class=\"webgatha-infobox-inner\">\n\t\t\t\t\t<div class=\"webgatha-infobox-icon\">\n\t\t\t\t\t\t\t\t\t<div class=\"infobox-icon webgatha-flat-round infobox-icon-medium infobox-img webgatha-image-round\">\n\t\t\t\t\t\t<img src=\"https:\/\/bioenergo.fi\/wp-content\/uploads\/2023\/01\/Lignin-logo-e1675260895330-150x150.png\" alt=\"Infobox Image\">\t\t\t\t\t<\/div>\n\t\t\t\t\t\t\t\t<\/div>\n\t\t\t\t\t<div class=\"webgatha-infobox-info\">\n\t\t\t\t\t\t\t<div class=\"webgatha-infobox-title\">\n\t\t\t\t\t<h3 class=\"title-name\">Ligniini<\/h3>\t\t\t\t<\/div>\n\t\t\t\t\t\t\t\t<div class=\"webgatha-infobox-description\">\n\t\t\t\t\tBioEnergon bioetanolin tuotantoprosessin sivuvirtana syntyy merkitt\u00e4v\u00e4 m\u00e4\u00e4r\u00e4 ligniini\u00e4, jota k\u00e4ytet\u00e4\u00e4n korvaamaan fossiilista bitumia asfaltin tuotannossa.<br>\nHistoriallisesti ligniini\u00e4 on k\u00e4ytetty polttoaineena biovoimalaitoksissa l\u00e4mm\u00f6n ja s\u00e4hk\u00f6n tuotantoon.<br>\n\u00d6ljypohjainen fossiilinen bitumi on seos, joka sitoo asfaltin valmistuksessa k\u00e4ytetyt raaka-aineet yhteen. Bitumi-seoksesta voidaan korvata 25-50% ilmastoyst\u00e4v\u00e4llisell\u00e4 vihre\u00e4ll\u00e4 ligniinill\u00e4, jolloin muodostuu biobitumia. Biobitumi vastaa ominaisuuksiltaan fossiilista \u00f6ljypohjaista bitumia, mutta sen valmistuksen kasvihuonekaasup\u00e4\u00e4st\u00f6t ovat merkitt\u00e4v\u00e4sti pienemm\u00e4t. Biobitumin k\u00e4ytt\u00f6 muuttaa tiet hiilinieluiksi, joissa hiili on sitoutuneena 100 vuotta tai jopa pidemp\u00e4\u00e4n. Biobitumi-pohjaisia asfalttiteit\u00e4 on jo tehty ymp\u00e4ri Eurooppaa ja testausta sek\u00e4 teknologian lis\u00e4kehityst\u00e4 tehd\u00e4\u00e4n jatkuvasti.\n<p>Ligniiniin liittyv\u00e4n tutkimus- ja kehitysty\u00f6n avulla t\u00e4lle luonnon yleisimm\u00e4lle polymeerille l\u00f6ydet\u00e4\u00e4n jatkuvasti uusia k\u00e4ytt\u00f6tapoja, ja se aletaankin tunnustaa yhdeksi t\u00e4rkeimmist\u00e4 raaka-aineista, joka mahdollistaa vihre\u00e4n siirtym\u00e4n monilla sektoreilla.\t\t\t\t<\/p><\/div>\n\t\t\t\t\t\t<\/div>\n\t\t\t<\/div>\n<\/div>\n\n\t\t<\/div>\n\t\t<\/div><\/div><\/div><div class=\"wpb_column vc_column_container vc_col-sm-6 text-left\" id=\"1672772871674-38e19e97-b685\"><div class=\"vc_column-inner\"><div class=\"wpb_wrapper\">\t\t<div class=\"webgatha_infobox_wrapper webgatha-infobox-f3ada80d5\">\n\t\t\t<div class=\"webgatha-infobox webgatha-infobox-style-1 infobox-color-dark infobox-steps-disable webgatha-icon-flat infobox-icon-type-fontawesome webgatha-alignment-left\">\n\t<div class=\"webgatha-infobox-inner\">\n\t\t\t\t\t<div class=\"webgatha-infobox-icon\">\n\t\t\t\t\t\t\t\t\t<div class=\"infobox-icon webgatha-flat-round infobox-icon-medium infobox-img webgatha-image-round\">\n\t\t\t\t\t\t<img src=\"https:\/\/bioenergo.fi\/wp-content\/uploads\/2023\/01\/C02-logo-e1675260860117-150x150.png\" alt=\"Infobox Image\">\t\t\t\t\t<\/div>\n\t\t\t\t\t\t\t\t<\/div>\n\t\t\t\t\t<div class=\"webgatha-infobox-info\">\n\t\t\t\t\t\t\t<div class=\"webgatha-infobox-title\">\n\t\t\t\t\t<h3 class=\"title-name\">CO2 Hiilidioksidi<\/h3>\t\t\t\t<\/div>\n\t\t\t\t\t\t\t\t<div class=\"webgatha-infobox-description\">\n\t\t\t\t\tBioEnergo ottaa talteen kaiken tuotannon eri prosesseissa syntyv\u00e4n hiilidioksidin. Hiilidioksidi puhdistetaan, nesteytet\u00e4\u00e4n ja toimitetaan p\u00e4\u00e4asiassa elintarvike- ja juomateollisuuden asiakkaille.<br>\nBioEnergon biogeeninen vihre\u00e4 hiilidioksidi, joka talteenotetaan v\u00e4h\u00e4p\u00e4\u00e4st\u00f6isest\u00e4 uusiutuvasta tuotantoprosessista, on nopeasti kasvavan synteettisi\u00e4 polttoaineita valmistavan teollisuuden yksi t\u00e4rkeimpi\u00e4 raaka-aineita. Synteettiset polttoaineet on kehitetty korvaamaan fossiilisia polttoaineita.<br>\nKoska hiilidioksidi on jo kertaalleen ilmakeh\u00e4st\u00e4 puihin varastoitunut ja BioEnergon biopolttoaineiden valmistusprosessissa uudelleen talteenotettu, BioEnergon biopolttoaineiden hiilidioksidip\u00e4\u00e4st\u00f6v\u00e4henem\u00e4 on 100% verrattuna fossiilisiin polttoaineisiin (94 gCO2eq\/MJ).<br>\nMuita puhdistetun hiilidioksidin markkinoita ovat erilaiset elintarviketeollisuuden alat sek\u00e4 l\u00e4\u00e4ke- ja kemianteollisuus.\t\t\t\t<\/div>\n\t\t\t\t\t\t<\/div>\n\t\t\t<\/div>\n<\/div>\n\n\t\t<\/div>\n\t\t<\/div><\/div><\/div><\/div><\/div><\/div><\/div><\/div><div class=\"vc_row wpb_row vc_row-fluid vc_custom_1672773104200 webgatha-row-25ddc\"><div class=\"wpb_column vc_column_container vc_col-sm-12 webgatha-column-c81e7 text-left\"><div class=\"vc_column-inner\"><div class=\"wpb_wrapper\">\t\t<div class=\"webgatha_section_title_wrapper vc_custom_1672856651914 webgatha-section-title-87ae6fb63\">\n\t\t\t\n<div class=\"section-title-cover text-left\">\n\t\t\t<h3 class=\"section-main-title\">\n\t\t\tTEKNOLOGIA\t\t<\/h3>\n\t\t<\/div>\n\t\t<\/div>\n\t\t\n\t<div class=\"wpb_single_image wpb_content_element vc_align_left\">\n\t\t\n\t\t<figure class=\"wpb_wrapper vc_figure\">\n\t\t\t<div class=\"vc_single_image-wrapper   vc_box_border_grey\"><img width=\"640\" height=\"540\" src=\"https:\/\/bioenergo.fi\/wp-content\/uploads\/2023\/01\/Technology_BioEnergo-e1675260671714-1024x864.png\" class=\"vc_single_image-img attachment-large\" alt=\"\" decoding=\"async\" title=\"Technology_BioEnergo\" loading=\"lazy\" srcset=\"https:\/\/bioenergo.fi\/wp-content\/uploads\/2023\/01\/Technology_BioEnergo-e1675260671714-1024x864.png 1024w, https:\/\/bioenergo.fi\/wp-content\/uploads\/2023\/01\/Technology_BioEnergo-e1675260671714-300x253.png 300w, https:\/\/bioenergo.fi\/wp-content\/uploads\/2023\/01\/Technology_BioEnergo-e1675260671714-768x648.png 768w, https:\/\/bioenergo.fi\/wp-content\/uploads\/2023\/01\/Technology_BioEnergo-e1675260671714-14x12.png 14w, https:\/\/bioenergo.fi\/wp-content\/uploads\/2023\/01\/Technology_BioEnergo-e1675260671714.png 1280w\" sizes=\"(max-width: 640px) 100vw, 640px\"><\/div>\n\t\t<\/figure>\n\t<\/div>\n\n\t<div class=\"wpb_text_column wpb_content_element\">\n\t\t<div class=\"wpb_wrapper\">\n\t\t\t<p>BioEnergo I Porissa on Euroopan ensimm\u00e4isten puubiomassaa raaka-aineenaan k\u00e4ytt\u00e4vien kehittynytt\u00e4 toisen sukupolven bioetanolia valmistavien jalostamoiden joukossa. BioEnergo k\u00e4ytt\u00e4\u00e4 raaka-aineena havusahanpurua ja haketta paikallisilta suomalaisilta sahoilta.<\/p>\n<p>BioEnergon teknologiakumppanit ovat Praj Industries Ltd. (globaali markkinajohtaja ensimm\u00e4isen ja toisen sukupolven bioetanolin tuotantoteknologioissa) ja Sekab BioFuels &amp; Chemicals AB (biojalostusteknologian edell\u00e4k\u00e4vij\u00e4). BioEnergon k\u00e4ytt\u00e4m\u00e4 bioetanolin tuotantoteknologia ja prosessi perustuvat Praj:n toisen sukupolven Enfinity teknologiaan, joka on ollut k\u00e4yt\u00f6ss\u00e4 Praj:n demolaitoksella Intiassa vuodesta 2009. BioEnergolla on my\u00f6s k\u00e4yt\u00f6ss\u00e4\u00e4n Sekabin kehitt\u00e4m\u00e4 entsymaattinen hydrolyysiteknologia CelluAPP\u00ae, joka on ollut k\u00e4yt\u00f6ss\u00e4 Sekabin demolaitoksella Ruotsissa vuodesta 2004.<\/p>\n<p>BioEnergon tuotantoprosessi alkaa havusahanpururaaka-aineen esik\u00e4sittelyll\u00e4 h\u00f6yryr\u00e4j\u00e4hdysreaktorissa. T\u00e4m\u00e4 valmistaa puumateriaalin vastaanottamaan entsyymej\u00e4. Seuraava vaihe on entsymaattinen hydrolyysi, jossa puumateriaalia k\u00e4sitell\u00e4\u00e4n entsyymiliuoksella, joka erottaa ja vapauttaa arvokkaita sokereita puumateriaalista. K\u00e4ymisprosessissa vapautuneet sokerit muunnetaan alkoholiksi (etanoliksi). K\u00e4ymisprosessia seuraa tislaus ja dehydratointi kuljetuspolttoainelaatuiseksi bioetanoliksi.<\/p>\n<p>Tislausprosessissa erotetaan m\u00e4ski, joka koostuu ligniinist\u00e4 ja vedest\u00e4. Ligniini ohjataan jatkok\u00e4sittelyyn ja vesi ohjataan j\u00e4teveden k\u00e4sittelyyn.<\/p>\n<p>J\u00e4teveden k\u00e4sittely koostuu useista vaiheista. Ensimm\u00e4inen vaihe on anaerobinen k\u00e4sittely (biokaasureaktorit), joka tuottaa merkitt\u00e4v\u00e4n m\u00e4\u00e4r\u00e4n biokaasua. Biokaasu otetetaan talteen, puhdistetaan, jalostetaan ja nesteytet\u00e4\u00e4n liikenteen polttoaineeksi sopivaksi biometaaniksi. Nesteytetty biometaani kuljetetaan asiakkaiden kaasutankkausasemille.<\/p>\n<p>Kaikki prosessissa muodostuva hiilidioksidi otetaan talteen, puhdistetaan, nesteytet\u00e4\u00e4n ja toimitetaan p\u00e4\u00e4asiassa elintarvike- ja juomateollisuuden asiakkaille.<\/p>\n\n\t\t<\/div>\n\t<\/div>\n<\/div><\/div><\/div><\/div><\/div>","protected":false},"excerpt":{"rendered":"<p>PRODUCTS BioEthanol BioEnergo produces environmentally friendly 2nd generation EU RED II Directive compliant* advanced bioethanol that is supplied as traffic fuel to the transportation sector. BioEnergo uses sawmill industry sidestream sawdust as its raw material which makes our bioethanol a RED II Part A of Annex IX compliant advanced biofuel. Under the RED II Directive [...]<\/p>","protected":false},"author":1,"featured_media":0,"parent":0,"menu_order":0,"comment_status":"closed","ping_status":"closed","template":"templates\/full-width.php","meta":{"_seopress_robots_primary_cat":"","footnotes":""},"_links":{"self":[{"href":"https:\/\/bioenergo.fi\/fi\/wp-json\/wp\/v2\/pages\/16373"}],"collection":[{"href":"https:\/\/bioenergo.fi\/fi\/wp-json\/wp\/v2\/pages"}],"about":[{"href":"https:\/\/bioenergo.fi\/fi\/wp-json\/wp\/v2\/types\/page"}],"author":[{"embeddable":true,"href":"https:\/\/bioenergo.fi\/fi\/wp-json\/wp\/v2\/users\/1"}],"replies":[{"embeddable":true,"href":"https:\/\/bioenergo.fi\/fi\/wp-json\/wp\/v2\/comments?post=16373"}],"version-history":[{"count":33,"href":"https:\/\/bioenergo.fi\/fi\/wp-json\/wp\/v2\/pages\/16373\/revisions"}],"predecessor-version":[{"id":16649,"href":"https:\/\/bioenergo.fi\/fi\/wp-json\/wp\/v2\/pages\/16373\/revisions\/16649"}],"wp:attachment":[{"href":"https:\/\/bioenergo.fi\/fi\/wp-json\/wp\/v2\/media?parent=16373"}],"curies":[{"name":"wp","href":"https:\/\/api.w.org\/{rel}","templated":true}]}}