{"id":16313,"date":"2020-01-23T13:21:00","date_gmt":"2020-01-23T13:21:00","guid":{"rendered":"http:\/\/localhost\/webgatha-06\/?page_id=16313"},"modified":"2023-04-20T22:38:29","modified_gmt":"2023-04-20T19:38:29","slug":"sustainability","status":"publish","type":"page","link":"https:\/\/bioenergo.fi\/fi\/sustainability\/","title":{"rendered":"<p>VASTUULLISUUS<\/p>"},"content":{"rendered":"<div data-vc-full-width=\"true\" data-vc-full-width-init=\"false\" class=\"vc_row wpb_row vc_row-fluid vc_custom_1672856587487 vc_custom_1672856587488 webgatha-row-8f14e\" style=\"background-position:center top !important;\"><div class=\"wpb_column vc_column_container vc_col-sm-12 vc_col-md-6 webgatha-column-24b16 text-left\"><div class=\"vc_column-inner vc_custom_1672309104517 vc_custom_1672309104518\"><div class=\"wpb_wrapper\">\t\t<div class=\"webgatha_section_title_wrapper webgatha-section-title-da21bae82\">\n\t\t\t\n<div class=\"section-title-cover text-left\">\n\t<\/div>\n\t\t<\/div>\n\t\t<\/div><\/div><\/div><div class=\"wpb_column vc_column_container vc_col-sm-6 vc_hidden-md webgatha-column-c8ed2 text-left\"><div class=\"vc_column-inner\"><div class=\"wpb_wrapper\"><\/div><\/div><\/div><div class=\"vc_row-full-width vc_clearfix\"><\/div><div data-vc-full-width=\"true\" data-vc-full-width-init=\"false\" class=\"vc_row wpb_row vc_row-fluid vc_custom_1672856421762 webgatha-row-cfa08\"><div class=\"wpb_column vc_column_container vc_col-sm-12 webgatha-column-a8c88 text-left\"><div class=\"vc_column-inner\"><div class=\"wpb_wrapper\"><div id=\"1578032841222-d5d8082a-3c04\" class=\"vc_row wpb_row vc_inner vc_row-fluid vc_custom_1672856225175 vc_row-has-fill\"><div class=\"wpb_column vc_column_container vc_col-sm-12 text-left\" id=\"1578032841225-2d28c5ec-66b1\"><div class=\"vc_column-inner\"><div class=\"wpb_wrapper\">\t\t<div class=\"webgatha_section_title_wrapper webgatha-section-title-113383265\">\n\t\t\t\n<div class=\"section-title-cover text-left\">\n\t\t\t<h2 class=\"section-main-title\">\n\t\t\tVASTUULLISUUS\t\t<\/h2>\n\t\t<\/div>\n\t\t<\/div>\n\t\t\n\t<div class=\"wpb_text_column wpb_content_element\">\n\t\t<div class=\"wpb_wrapper\">\n\t\t\t<p><span style=\"color: #ffffff;\">Kehittyneet toisen sukupolven biopolttoaineet ovat t\u00e4ydellinen tapa v\u00e4hent\u00e4\u00e4 liikenteen hiilidioksidip\u00e4\u00e4st\u00f6j\u00e4. Niiden tuotanto tarjoaa korkeamman jalostusasteen loppuk\u00e4yt\u00f6n sahateollisuuden prosesseissa syntyville sivuvirroille, kuten sahanpurulle ja hakkeelle. Kehittyneet toisen sukupolven biopolttoaineet ovat monipuolinen ja kest\u00e4v\u00e4n kehityksen mukainen ratkaisu tie-, meri- ja lentoliikenteeseen. Jatkuva tutkimus- ja kehitysty\u00f6 vie meid\u00e4t liikennepolttoaineita pidemm\u00e4lle ja luo kest\u00e4vi\u00e4 ratkaisuja petrokemian tuotteiden ja muiden fossiilisten raaka-aineiden korvaamiseksi ilmastoyst\u00e4v\u00e4llisill\u00e4 vihreill\u00e4 vaihtoehdoilla.<\/span><\/p>\n\n\t\t<\/div>\n\t<\/div>\n<\/div><\/div><\/div><\/div><\/div><\/div><\/div><\/div><div class=\"vc_row-full-width vc_clearfix\"><\/div><div data-vc-full-width=\"true\" data-vc-full-width-init=\"false\" class=\"vc_row wpb_row vc_row-fluid vc_custom_1672868852601 vc_custom_1672868852602 webgatha-row-63538\"><div class=\"wpb_column vc_column_container vc_col-sm-12 webgatha-column-87248 text-left\"><div class=\"vc_column-inner\"><div class=\"wpb_wrapper\"><div id=\"1672856267766-7afa77aa-4334\" class=\"vc_row wpb_row vc_inner vc_row-fluid\"><div class=\"wpb_column vc_column_container vc_col-sm-12 text-left\" id=\"1672856267772-00cb4530-ef43\"><div class=\"vc_column-inner vc_custom_1672868881019\"><div class=\"wpb_wrapper\">\t\t<div class=\"webgatha_section_title_wrapper vc_custom_1672856469064 webgatha-section-title-da2bd66b0\">\n\t\t\t\n<div class=\"section-title-cover text-left\">\n\t\t\t<h2 class=\"section-main-title\">\n\t\t\tMEID\u00c4N SITOUMUS YMP\u00c4RIST\u00d6YST\u00c4V\u00c4LLISEMP\u00c4\u00c4N TULEVAISUUTEEN\t\t<\/h2>\n\t\t<\/div>\n\t\t<\/div>\n\t\t<\/div><\/div><\/div><\/div><div id=\"1672856267784-6dccf754-45a0\" class=\"vc_row wpb_row vc_inner vc_row-fluid vc_custom_1672238998362\"><div class=\"wpb_column vc_column_container vc_col-sm-4 text-left\" id=\"1672856267790-cdc6c6c8-8b57\"><div class=\"vc_column-inner\"><div class=\"wpb_wrapper\">\t\t<div class=\"webgatha_infobox_wrapper webgatha-infobox-f076073b2\">\n\t\t\t<div class=\"webgatha-infobox webgatha-infobox-style-17 infobox-color-dark infobox-steps-disable infobox-icon-type-fontawesome webgatha-alignment-center\">\n\t<div class=\"webgatha-infobox-inner webgatha-box-colored\">\n\t\t\t\t\t<div class=\"webgatha-infobox-icon\">\n\t\t\t\t\t\t\t\t\t<div class=\"infobox-icon infobox-img webgatha-image-round\">\n\t\t\t\t\t\t<img src=\"https:\/\/bioenergo.fi\/wp-content\/uploads\/2022\/12\/directive232x232-e1675264518555-150x150.png\" alt=\"Infobox Image\">\t\t\t\t\t<\/div>\n\t\t\t\t\t\t\t\t<\/div>\n\t\t\t\t\t<div class=\"webgatha-infobox-info\">\n\t\t\t\t\t\t\t<div class=\"webgatha-infobox-description\">\n\t\t\t\t\tAutamme aktiivisesti EU:ta saavuttamaan Uusiutuvan energian direktiiviss\u00e4 (RED II) ja Euroopan vihre\u00e4n kehityksen ohjelmassa asetetut liikenteen hiilidioksidip\u00e4\u00e4st\u00f6jen v\u00e4hent\u00e4mistavoitteet*.\t\t\t\t<\/div>\n\t\t\t\t\t\t<\/div>\n\t\t\t<\/div>\n<\/div>\n\n\t\t<\/div>\n\t\t\n\t<div class=\"wpb_text_column wpb_content_element\">\n\t\t<div class=\"wpb_wrapper\">\n\t\t\t<p style=\"font-size: 10px; text-align: center;\">14% of the energy consumed in road and rail transport renewable by 2030 and 90% reduction in transportation related greenhouse gas emissions by 2050.<\/p>\n\n\t\t<\/div>\n\t<\/div>\n<\/div><\/div><\/div><div class=\"wpb_column vc_column_container vc_col-sm-4 text-left\" id=\"1672856267803-70ca3517-fd77\"><div class=\"vc_column-inner\"><div class=\"wpb_wrapper\">\t\t<div class=\"webgatha_infobox_wrapper webgatha-infobox-46ba59a69\">\n\t\t\t<div class=\"webgatha-infobox webgatha-infobox-style-17 infobox-color-dark infobox-steps-disable infobox-icon-type-fontawesome webgatha-alignment-center\">\n\t<div class=\"webgatha-infobox-inner webgatha-box-colored\">\n\t\t\t\t\t<div class=\"webgatha-infobox-icon\">\n\t\t\t\t\t\t\t\t\t<div class=\"infobox-icon infobox-img webgatha-image-round\">\n\t\t\t\t\t\t<img src=\"https:\/\/bioenergo.fi\/wp-content\/uploads\/2022\/12\/distributors232x232-e1675264532815-150x150.png\" alt=\"Infobox Image\">\t\t\t\t\t<\/div>\n\t\t\t\t\t\t\t\t<\/div>\n\t\t\t\t\t<div class=\"webgatha-infobox-info\">\n\t\t\t\t\t\t\t<div class=\"webgatha-infobox-description\">\n\t\t\t\t\tAutamme asiakkaitamme, EU:n alueella toimivia liikenteen polttoaineiden jakelijoita, saavuttamaan ja ylitt\u00e4m\u00e4\u00e4n EU RED II -direktiiviss\u00e4 ja j\u00e4senmaiden lains\u00e4\u00e4d\u00e4nn\u00f6ss\u00e4 m\u00e4\u00e4ritellyt jakeluvelvoitteet kehittyneiden biopolttoaineiden osalta.\t\t\t\t<\/div>\n\t\t\t\t\t\t<\/div>\n\t\t\t<\/div>\n<\/div>\n\n\t\t<\/div>\n\t\t<\/div><\/div><\/div><div class=\"wpb_column vc_column_container vc_col-sm-4 text-left\" id=\"1672856267814-48adcda1-5351\"><div class=\"vc_column-inner\"><div class=\"wpb_wrapper\">\t\t<div class=\"webgatha_infobox_wrapper webgatha-infobox-f610a13de\">\n\t\t\t<div class=\"webgatha-infobox webgatha-infobox-style-17 infobox-color-dark infobox-steps-disable infobox-icon-type-fontawesome webgatha-alignment-center\">\n\t<div class=\"webgatha-infobox-inner webgatha-box-colored\">\n\t\t\t\t\t<div class=\"webgatha-infobox-icon\">\n\t\t\t\t\t\t\t\t\t<div class=\"infobox-icon infobox-img webgatha-image-round\">\n\t\t\t\t\t\t<img src=\"https:\/\/bioenergo.fi\/wp-content\/uploads\/2022\/12\/greenchemicals232x232-e1675264548745-150x150.png\" alt=\"Infobox Image\">\t\t\t\t\t<\/div>\n\t\t\t\t\t\t\t\t<\/div>\n\t\t\t\t\t<div class=\"webgatha-infobox-info\">\n\t\t\t\t\t\t\t<div class=\"webgatha-infobox-description\">\n\t\t\t\t\tPanostamme jatkuvaan tutkimus- ja kehitysty\u00f6h\u00f6n luodaksemme vaihtoehtoisia tuotteita laiva- ja lentokonepolttoaineiden sek\u00e4 vihreiden kemikaalien markkinoille.\t\t\t\t<\/div>\n\t\t\t\t\t\t<\/div>\n\t\t\t<\/div>\n<\/div>\n\n\t\t<\/div>\n\t\t<\/div><\/div><\/div><\/div><\/div><\/div><\/div><\/div><div class=\"vc_row-full-width vc_clearfix\"><\/div><\/div>","protected":false},"excerpt":{"rendered":"<p>SUSTAINABILITY 2nd generation biofuels are a perfect way to reduce transportation related carbon dioxide emissions while simultaneously providing second life for sawmill industry side streams such as sawdust and woodchips. 2nd generation biofuels are versatile and sustainable solution for road transport, maritime transport and aviation. Continuous R&amp;D efforts will take us further ? beyond traffic [...]<\/p>","protected":false},"author":1,"featured_media":0,"parent":0,"menu_order":0,"comment_status":"closed","ping_status":"closed","template":"templates\/full-width.php","meta":{"_seopress_robots_primary_cat":"","footnotes":""},"_links":{"self":[{"href":"https:\/\/bioenergo.fi\/fi\/wp-json\/wp\/v2\/pages\/16313"}],"collection":[{"href":"https:\/\/bioenergo.fi\/fi\/wp-json\/wp\/v2\/pages"}],"about":[{"href":"https:\/\/bioenergo.fi\/fi\/wp-json\/wp\/v2\/types\/page"}],"author":[{"embeddable":true,"href":"https:\/\/bioenergo.fi\/fi\/wp-json\/wp\/v2\/users\/1"}],"replies":[{"embeddable":true,"href":"https:\/\/bioenergo.fi\/fi\/wp-json\/wp\/v2\/comments?post=16313"}],"version-history":[{"count":26,"href":"https:\/\/bioenergo.fi\/fi\/wp-json\/wp\/v2\/pages\/16313\/revisions"}],"predecessor-version":[{"id":16665,"href":"https:\/\/bioenergo.fi\/fi\/wp-json\/wp\/v2\/pages\/16313\/revisions\/16665"}],"wp:attachment":[{"href":"https:\/\/bioenergo.fi\/fi\/wp-json\/wp\/v2\/media?parent=16313"}],"curies":[{"name":"wp","href":"https:\/\/api.w.org\/{rel}","templated":true}]}}