{"id":16302,"date":"2020-01-20T10:12:46","date_gmt":"2020-01-20T08:12:46","guid":{"rendered":"http:\/\/192.168.0.40?page_id=5"},"modified":"2023-04-20T22:42:31","modified_gmt":"2023-04-20T19:42:31","slug":"company","status":"publish","type":"page","link":"https:\/\/bioenergo.fi\/fi\/","title":{"rendered":"<p>YHTI\u00d6<\/p>"},"content":{"rendered":"<div data-vc-full-width=\"true\" data-vc-full-width-init=\"false\" data-vc-parallax=\"1.5\" data-vc-parallax-image=\"\" class=\"vc_row wpb_row vc_row-fluid vc_custom_1672818036707 vc_custom_1672818036708 vc_general vc_parallax vc_parallax-content-moving webgatha-row-d2dde\" style=\"background-position:center top !important;\"><div class=\"webgatha-row-background-overlay\" style=\"background-color:rgba(50,50,50,0.3);\"><\/div><div class=\"wpb_column vc_column_container vc_col-sm-8 webgatha-column-a8baa text-left\"><div class=\"vc_column-inner vc_custom_1672817670780\"><div class=\"wpb_wrapper\">\t\t<div class=\"webgatha_section_title_wrapper vc_custom_1673985718261 webgatha-section-title-405075699  wpb_animate_when_almost_visible wpb_fadeInDown fadeInDown\">\n\t\t\t\n<div class=\"section-title-cover text-left\">\n\t\t\t<h2 class=\"section-main-title\">\n\t\t\tBioEnergo is at heart of global movement to reduce traffic carbon dioxide by producing advanced biofuels.\t\t<\/h2>\n\t\t<\/div>\n\t\t<\/div>\n\t\t<\/div><\/div><\/div><div class=\"wpb_column vc_column_container vc_col-sm-4 webgatha-column-be315 text-left\"><div class=\"vc_column-inner\"><div class=\"wpb_wrapper\"><\/div><\/div><\/div><div class=\"vc_row-full-width vc_clearfix\"><\/div><div data-vc-full-width=\"true\" data-vc-full-width-init=\"false\" class=\"vc_row wpb_row vc_row-fluid vc_custom_1672855348626 webgatha-row-65658\"><div class=\"wpb_column vc_column_container vc_col-sm-12 webgatha-column-2afe4 text-left\"><div class=\"vc_column-inner\"><div class=\"wpb_wrapper\">\t\t<div class=\"webgatha_section_title_wrapper webgatha-section-title-1074cf6de\">\n\t\t\t\n<div class=\"section-title-cover text-left\">\n\t\t\t<h2 class=\"section-main-title\">\n\t\t\tVIHRE\u00c4 TULEVAISUUS\t\t<\/h2>\n\t\t\t\t<p class=\"section-description\">\n\t\t\tTavoitteemme on auttaa asiakkaitamme pienent\u00e4m\u00e4\u00e4n polttoaineidensa hiilijalanj\u00e4lke\u00e4 tarjoamalla heille laaja valikoima EU RED II -direktiivin mukaisia kehittyneit\u00e4 biopolttoaineita.\t\t<\/p>\n\t\t<\/div>\n\t\t<\/div>\n\t\t<\/div><\/div><\/div><\/div><div class=\"vc_row-full-width vc_clearfix\"><\/div><div data-vc-full-width=\"true\" data-vc-full-width-init=\"false\" class=\"vc_row wpb_row vc_row-fluid infostep-section vc_custom_1672817974323 vc_custom_1672817974324 vc_row-o-content-middle vc_row-flex webgatha-row-5807a\"><div class=\"wpb_column vc_column_container vc_col-sm-6 vc_col-has-fill webgatha-column-0deb1 text-left\"><div class=\"vc_column-inner vc_custom_1672818177706 vc_custom_1672818177705\"><div class=\"wpb_wrapper\">\t\t<div class=\"webgatha_section_title_wrapper vc_custom_1673985822677 webgatha-section-title-9b10a919d  wpb_animate_when_almost_visible wpb_fadeInUp fadeInUp\">\n\t\t\t\n<div class=\"section-title-cover text-left\">\n\t\t\t<h2 class=\"section-main-title\">\n\t\t\tBIOENERGO BIOPOLTTOAINEET \t\t<\/h2>\n\t\t\t\t<p class=\"section-description\">\n\t\t\tBioEnergo I jalostamo Porissa keskittyy kehittyneiden toisen sukupolven liikenteen biopolttoaineiden - bioetanolin ja nesteytetyn biokaasun - tuotantoon. BioEnergon biopolttoaineet valmistetaan uusiutuvasta havusahanpurusta, joka on hankittu paikallisilta sahoilta. \t\t<\/p>\n\t\t<\/div>\n\t\t<\/div>\n\t\t\n\t<div class=\"wpb_text_column wpb_content_element  wpb_animate_when_almost_visible wpb_fadeInUp fadeInUp vc_custom_1673985843768\">\n\t\t<div class=\"wpb_wrapper\">\n\t\t\t<div class=\"elementor-column elementor-col-50 elementor-inner-column elementor-element elementor-element-a955324\" data-id=\"a955324\" data-element_type=\"column\">\n<div class=\"elementor-widget-wrap elementor-element-populated\">\n<div class=\"elementor-element elementor-element-5864e2a elementor-widget elementor-widget-text-editor\" data-id=\"5864e2a\" data-element_type=\"widget\" data-widget_type=\"text-editor.default\">\n<div class=\"elementor-widget-container\">\n<p>BioEnergon liikenteen biopolttoaineilla saavutetaan noin 100 %* kasvihuonekaasujen p\u00e4\u00e4st\u00f6v\u00e4hennys verrattuna EU RED II -direktiivin fossiilisten polttoaineiden vertailuarvoon 94 g CO2ekv\/MJ. (*Sis\u00e4lt\u00e4en CCU-hiilidioksidin talteenoton)<\/p>\n<\/div>\n<\/div>\n<\/div>\n<\/div>\n\n\t\t<\/div>\n\t<\/div>\n<\/div><\/div><\/div><div class=\"wpb_animate_when_almost_visible wpb_fadeInUp fadeInUp wpb_column vc_column_container vc_col-sm-6 webgatha-column-bbf94 text-left\"><div class=\"vc_column-inner\"><div class=\"wpb_wrapper\"><div id=\"1578377784575-48dfabbd-9afb\" class=\"vc_row wpb_row vc_inner vc_row-fluid\"><div class=\"wpb_column vc_column_container vc_col-sm-6 text-left\" id=\"1578377784581-5d95d296-01b8\"><div class=\"vc_column-inner\"><div class=\"wpb_wrapper\">\t\t<div class=\"webgatha_infobox_wrapper vc_custom_1673985876643 webgatha-infobox-c164bbc9d\">\n\t\t\t<div class=\"webgatha-infobox webgatha-infobox-style-1 infobox-color-dark infobox-steps-disable webgatha-icon-default infobox-icon-type-fontawesome webgatha-alignment-left\">\n\t<div class=\"webgatha-infobox-inner\">\n\t\t\t\t\t<div class=\"webgatha-infobox-icon\">\n\t\t\t\t\t\t\t\t\t<span class=\"infobox-icon infobox-icon-extra_large\"><i class=\"fas fa-tree\"><\/i><\/span> \n\t\t\t\t\t\t\t\t<\/div>\n\t\t\t\t\t<div class=\"webgatha-infobox-info\">\n\t\t\t\t\t\t\t<div class=\"webgatha-infobox-title\">\n\t\t\t\t\t<h3 class=\"title-name\">200 000 tonnia sahanpurua <\/h3>\t\t\t\t<\/div>\n\t\t\t\t\t\t<\/div>\n\t\t\t<\/div>\n<\/div>\n\n\t\t<\/div>\n\t\t\t\t<div class=\"webgatha_infobox_wrapper vc_custom_1673249835038 webgatha-infobox-9a02387b0\">\n\t\t\t<div class=\"webgatha-infobox webgatha-infobox-style-1 infobox-color-dark infobox-steps-disable webgatha-icon-default infobox-icon-type-fontawesome webgatha-alignment-left\">\n\t<div class=\"webgatha-infobox-inner\">\n\t\t\t\t\t<div class=\"webgatha-infobox-icon\">\n\t\t\t\t\t\t\t\t\t<span class=\"infobox-icon infobox-icon-extra_large\"><i class=\"ti-car\"><\/i><\/span> \n\t\t\t\t\t\t\t\t<\/div>\n\t\t\t\t\t<div class=\"webgatha-infobox-info\">\n\t\t\t\t\t\t\t<div class=\"webgatha-infobox-title\">\n\t\t\t\t\t<h3 class=\"title-name\">Bioetanolia 400 000 autolle<\/h3>\t\t\t\t<\/div>\n\t\t\t\t\t\t<\/div>\n\t\t\t<\/div>\n<\/div>\n\n\t\t<\/div>\n\t\t<\/div><\/div><\/div><div class=\"wpb_column vc_column_container vc_col-sm-6 text-left\" id=\"1578377786421-021f77c9-2b26\"><div class=\"vc_column-inner\"><div class=\"wpb_wrapper\">\t\t<div class=\"webgatha_infobox_wrapper vc_custom_1673249844165 webgatha-infobox-1eaa260fd\">\n\t\t\t<div class=\"webgatha-infobox webgatha-infobox-style-1 infobox-color-dark infobox-steps-disable webgatha-icon-default infobox-icon-type-fontawesome webgatha-alignment-left\">\n\t<div class=\"webgatha-infobox-inner\">\n\t\t\t\t\t<div class=\"webgatha-infobox-icon\">\n\t\t\t\t\t\t\t\t\t<span class=\"infobox-icon infobox-icon-extra_large\"><i class=\"ti-car\"><\/i><\/span> \n\t\t\t\t\t\t\t\t<\/div>\n\t\t\t\t\t<div class=\"webgatha-infobox-info\">\n\t\t\t\t\t\t\t<div class=\"webgatha-infobox-title\">\n\t\t\t\t\t<h3 class=\"title-name\">Biokaasua 15 000 autolle<\/h3>\t\t\t\t<\/div>\n\t\t\t\t\t\t<\/div>\n\t\t\t<\/div>\n<\/div>\n\n\t\t<\/div>\n\t\t\t\t<div class=\"webgatha_infobox_wrapper vc_custom_1673249852578 webgatha-infobox-07e87c2f4\">\n\t\t\t<div class=\"webgatha-infobox webgatha-infobox-style-1 infobox-color-dark infobox-steps-disable webgatha-icon-default infobox-icon-type-fontawesome webgatha-alignment-left\">\n\t<div class=\"webgatha-infobox-inner\">\n\t\t\t\t\t<div class=\"webgatha-infobox-icon\">\n\t\t\t\t\t\t\t\t\t<span class=\"infobox-icon infobox-icon-extra_large\"><i class=\"ti-line-dashed\"><\/i><\/span> \n\t\t\t\t\t\t\t\t<\/div>\n\t\t\t\t\t<div class=\"webgatha-infobox-info\">\n\t\t\t\t\t\t\t<div class=\"webgatha-infobox-title\">\n\t\t\t\t\t<h3 class=\"title-name\">6650 km vihre\u00e4t\u00e4 asfalttia<\/h3>\t\t\t\t<\/div>\n\t\t\t\t\t\t<\/div>\n\t\t\t<\/div>\n<\/div>\n\n\t\t<\/div>\n\t\t<\/div><\/div><\/div><\/div><\/div><\/div><\/div><\/div><div class=\"vc_row-full-width vc_clearfix\"><\/div><div data-vc-full-width=\"true\" data-vc-full-width-init=\"false\" class=\"vc_row wpb_row vc_row-fluid vc_custom_1670447410701 vc_custom_1670447410702 webgatha-row-076a0\"><div class=\"wpb_column vc_column_container vc_col-sm-12 webgatha-column-4daa3 text-left\"><div class=\"vc_column-inner\"><div class=\"wpb_wrapper\"><div id=\"1578385432262-2ad906d0-ca5c\" class=\"vc_row wpb_row vc_inner vc_row-fluid\"><div class=\"wpb_column vc_column_container vc_col-sm-12 vc_col-lg-offset-2 vc_col-lg-8 vc_col-md-offset-1 vc_col-md-10 text-left\" id=\"1578385432273-53bdb16f-827e\"><div class=\"vc_column-inner\"><div class=\"wpb_wrapper\">\t\t<div class=\"webgatha_section_title_wrapper vc_custom_1672864778807 webgatha-section-title-500ee9106  wpb_animate_when_almost_visible wpb_fadeInUp fadeInUp\">\n\t\t\t\n<div class=\"section-title-cover text-center\">\n\t\t\t<h2 class=\"section-main-title\">\n\t\t\tVIIMEISIMM\u00c4T UUTISET\t\t<\/h2>\n\t\t<\/div>\n\t\t<\/div>\n\t\t<\/div><\/div><\/div><\/div>\t\t<div class=\"webgatha_blog_posts_wrapper webgatha-blogpost-54e36c5ff  wpb_animate_when_almost_visible wpb_fadeInUp fadeInUp\">\n\t\t\t<div class=\"webgatha_blog_posts_content webgatha_blog_posts-list_style-style-12 webgatha_blog_posts-list_layout-slider webgatha_blog_posts-color-dark\">\n\t<div class=\"webgatha_blog_posts-slider-wrapper  blog-col-sm-1 blog-col-md-2 blog-col-lg-3 blog-col-xl-3\">\n\t<div class=\"swiper-container\" data-swiper_options='{\"init\":true,\"speed\":1000,\"spaceBetween\":30,\"slidesPerView\":\"3\",\"loop\":true,\"centeredSlides\":false,\"autoHeight\":false,\"breakpoints\":{\"576\":{\"slidesPerView\":1},\"768\":{\"slidesPerView\":2},\"992\":{\"slidesPerView\":3},\"1200\":{\"slidesPerView\":3}},\"navigation\":{\"nextEl\":\".swiper-button-next\",\"prevEl\":\".swiper-button-prev\"}}'>\n\t\t<div class=\"swiper-wrapper\">\n\t\t\t\t\t\t\t<div class=\"swiper-slide\">\n\t\t\t\t\t<div class=\"blog-post-item blog-post-style-12\">\n\t<div class=\"blog-post-item-inner\">\n\t\t<div class=\"blog-post-wrapper\">\n\t<div class=\"post-thumbnail-cover\">\n\t\t<div class=\"blog-post-thumbnail-wrapper\">\n\t\t\t<div class=\"blog-post-thumbnail blog-post-thumbnail-with-img\">\n\t\t\t<img class=\"img-fluid\" src=\"https:\/\/bioenergo.fi\/wp-content\/uploads\/2023\/10\/Pasi-960x540-1.png\" alt=\"BioEnergo Oy appoints Pasi Vartiainen as Plant Manager\" width=\"540\" height=\"540\">\n\t\t<\/div>\n\t\t<\/div>\n\t\t<div class=\"post-date-cover\">\n\t\t\t<div class=\"blog-post-date\"><span>23<\/span>loka<\/div>\n\t\t<\/div>\n\t<\/div>\n\t<div class=\"post-content-cover\">\n\t\t<div class=\"blog-post-meta\">\n\t\t\t\t<div class=\"blog-post-category\">\n\t\t<a href=\"https:\/\/bioenergo.fi\/fi\/category\/appointments\/\">Appointments<\/a>\n\t<\/div>\n\t\t\t<\/div>\n\t\t<div class=\"blog-post-title\">\n\t<h3 class=\"blog-title\">\n\t\t<a href=\"https:\/\/bioenergo.fi\/fi\/bioenergo-oy-appoints-pasi-vartiainen-as-plant-manager\/\">BioEnergo Oy appoints Pasi Vartiainen as Plant Manager<\/a>\n\t<\/h3>\n<\/div>\n\t<\/div>\n<\/div>\n\t<\/div>\n<\/div>\n\t\t\t\t<\/div>\n\t\t\t\t\t\t\t\t<div class=\"swiper-slide\">\n\t\t\t\t\t<div class=\"blog-post-item blog-post-style-12\">\n\t<div class=\"blog-post-item-inner\">\n\t\t<div class=\"blog-post-wrapper\">\n\t<div class=\"post-thumbnail-cover\">\n\t\t<div class=\"blog-post-thumbnail-wrapper\">\n\t\t\t<div class=\"blog-post-thumbnail blog-post-thumbnail-with-img\">\n\t\t\t<img class=\"img-fluid\" src=\"https:\/\/bioenergo.fi\/wp-content\/uploads\/2023\/04\/Ilkka-profiilikuva.png\" alt=\"BioEnergo Oy appoints Ilkka Iittil&auml;inen as CCO\" width=\"540\" height=\"540\">\n\t\t<\/div>\n\t\t<\/div>\n\t\t<div class=\"post-date-cover\">\n\t\t\t<div class=\"blog-post-date\"><span>21<\/span>huhti<\/div>\n\t\t<\/div>\n\t<\/div>\n\t<div class=\"post-content-cover\">\n\t\t<div class=\"blog-post-meta\">\n\t\t\t\t<div class=\"blog-post-category\">\n\t\t<a href=\"https:\/\/bioenergo.fi\/fi\/category\/appointments\/\">Appointments<\/a>\n\t<\/div>\n\t\t\t<\/div>\n\t\t<div class=\"blog-post-title\">\n\t<h3 class=\"blog-title\">\n\t\t<a href=\"https:\/\/bioenergo.fi\/fi\/bioenergo-oy-appoints-ilkka-iittilainen-as-cco\/\">BioEnergo Oy appoints Ilkka Iittil&auml;inen as CCO<\/a>\n\t<\/h3>\n<\/div>\n\t<\/div>\n<\/div>\n\t<\/div>\n<\/div>\n\t\t\t\t<\/div>\n\t\t\t\t\t\t\t\t<div class=\"swiper-slide\">\n\t\t\t\t\t<div class=\"blog-post-item blog-post-style-12\">\n\t<div class=\"blog-post-item-inner\">\n\t\t<div class=\"blog-post-wrapper\">\n\t<div class=\"post-thumbnail-cover\">\n\t\t<div class=\"blog-post-thumbnail-wrapper\">\n\t\t\t<div class=\"blog-post-thumbnail blog-post-thumbnail-with-img\">\n\t\t\t<img class=\"img-fluid\" src=\"https:\/\/bioenergo.fi\/wp-content\/uploads\/2022\/03\/Tuomas-Saarinen_f-e1675264404467.jpg\" alt=\"Tuomas Saarinen appointed as managing director of BioEnergo Oy\" width=\"540\" height=\"540\">\n\t\t<\/div>\n\t\t<\/div>\n\t\t<div class=\"post-date-cover\">\n\t\t\t<div class=\"blog-post-date\"><span>17<\/span>maalis<\/div>\n\t\t<\/div>\n\t<\/div>\n\t<div class=\"post-content-cover\">\n\t\t<div class=\"blog-post-meta\">\n\t\t\t\t<div class=\"blog-post-category\">\n\t\t<a href=\"https:\/\/bioenergo.fi\/fi\/category\/bioenergo\/\">BioEnergo tavoite on v\u00e4hent\u00e4\u00e4 liikenteen aiheuttamaa hiilidioksidia.<\/a>\n\t<\/div>\n\t\t\t<\/div>\n\t\t<div class=\"blog-post-title\">\n\t<h3 class=\"blog-title\">\n\t\t<a href=\"https:\/\/bioenergo.fi\/fi\/tuomas-saarinen-appointed-as-managing-director-of-bioenergo-oy\/\">Tuomas Saarinen yhti\u00f6n uudeksi toimitusjohtajaksi<\/a>\n\t<\/h3>\n<\/div>\n\t<\/div>\n<\/div>\n\t<\/div>\n<\/div>\n\t\t\t\t<\/div>\n\t\t\t\t\t\t\t\t<div class=\"swiper-slide\">\n\t\t\t\t\t<div class=\"blog-post-item blog-post-style-12\">\n\t<div class=\"blog-post-item-inner\">\n\t\t<div class=\"blog-post-wrapper\">\n\t<div class=\"post-thumbnail-cover\">\n\t\t<div class=\"blog-post-thumbnail-wrapper\">\n\t\t\t<div class=\"blog-post-thumbnail blog-post-thumbnail-with-img\">\n\t\t\t<img class=\"img-fluid\" src=\"https:\/\/bioenergo.fi\/wp-content\/uploads\/2019\/06\/bioenergo-pori-e1675264373540.jpg\" alt=\"Environmental permit granted to BioEnergo?s Pori bioconversion plant\" width=\"540\" height=\"540\">\n\t\t<\/div>\n\t\t<\/div>\n\t\t<div class=\"post-date-cover\">\n\t\t\t<div class=\"blog-post-date\"><span>16<\/span>joulu<\/div>\n\t\t<\/div>\n\t<\/div>\n\t<div class=\"post-content-cover\">\n\t\t<div class=\"blog-post-meta\">\n\t\t\t\t<div class=\"blog-post-category\">\n\t\t<a href=\"https:\/\/bioenergo.fi\/fi\/category\/development\/\">Hanke<\/a>\n\t<\/div>\n\t\t\t<\/div>\n\t\t<div class=\"blog-post-title\">\n\t<h3 class=\"blog-title\">\n\t\t<a href=\"https:\/\/bioenergo.fi\/fi\/environmental-permit-granted-to-bioenergos-pori-bioconversion-plant\/\">Ymp\u00e4rist\u00f6lupa my\u00f6nnetty BioEnergo Oy:n Poriin suunnitteilla olevalle biokonversiolaitoksen toiminnalle.<\/a>\n\t<\/h3>\n<\/div>\n\t<\/div>\n<\/div>\n\t<\/div>\n<\/div>\n\t\t\t\t<\/div>\n\t\t\t\t\t\t\t\t<div class=\"swiper-slide\">\n\t\t\t\t\t<div class=\"blog-post-item blog-post-style-12\">\n\t<div class=\"blog-post-item-inner\">\n\t\t<div class=\"blog-post-wrapper\">\n\t<div class=\"post-thumbnail-cover\">\n\t\t<div class=\"blog-post-thumbnail-wrapper\">\n\t\t\t<div class=\"blog-post-thumbnail blog-post-thumbnail-with-img\">\n\t\t\t<img class=\"img-fluid\" src=\"https:\/\/bioenergo.fi\/wp-content\/uploads\/2021\/03\/tem-e1675261005781.jpg\" alt=\"BioEnergo Oy has submitted an application for Energy aid for large-scale demonstration projects\" width=\"540\" height=\"540\">\n\t\t<\/div>\n\t\t<\/div>\n\t\t<div class=\"post-date-cover\">\n\t\t\t<div class=\"blog-post-date\"><span>24<\/span>maalis<\/div>\n\t\t<\/div>\n\t<\/div>\n\t<div class=\"post-content-cover\">\n\t\t<div class=\"blog-post-meta\">\n\t\t\t\t<div class=\"blog-post-category\">\n\t\t<a href=\"https:\/\/bioenergo.fi\/fi\/category\/bioenergo\/\">BioEnergo tavoite on v\u00e4hent\u00e4\u00e4 liikenteen aiheuttamaa hiilidioksidia.<\/a>\n\t<\/div>\n\t\t\t<\/div>\n\t\t<div class=\"blog-post-title\">\n\t<h3 class=\"blog-title\">\n\t\t<a href=\"https:\/\/bioenergo.fi\/fi\/bioenergo-oy-has-submitted-an-application-for-energy-aid-for-large-scale-demonstration-projects-by-the-ministry-of-economic-affairs-and-employment\/\">BioEnergo haki Porin biokonversiolaitoshankkeelle  energiatukea<\/a>\n\t<\/h3>\n<\/div>\n\t<\/div>\n<\/div>\n\t<\/div>\n<\/div>\n\t\t\t\t<\/div>\n\t\t\t\t\t\t\t\t<div class=\"swiper-slide\">\n\t\t\t\t\t<div class=\"blog-post-item blog-post-style-12\">\n\t<div class=\"blog-post-item-inner\">\n\t\t<div class=\"blog-post-wrapper\">\n\t<div class=\"post-thumbnail-cover\">\n\t\t<div class=\"blog-post-thumbnail-wrapper\">\n\t\t\t<div class=\"blog-post-thumbnail blog-post-thumbnail-with-img\">\n\t\t\t<img class=\"img-fluid\" src=\"https:\/\/bioenergo.fi\/wp-content\/uploads\/2023\/01\/kartta-e1675260952970.jpg\" alt=\"BioEnergo Oy has submitted an application for environmental permit concerning Pori advanced biofuels refinery operations\" width=\"540\" height=\"540\">\n\t\t<\/div>\n\t\t<\/div>\n\t\t<div class=\"post-date-cover\">\n\t\t\t<div class=\"blog-post-date\"><span>18<\/span>tammi<\/div>\n\t\t<\/div>\n\t<\/div>\n\t<div class=\"post-content-cover\">\n\t\t<div class=\"blog-post-meta\">\n\t\t\t\t<div class=\"blog-post-category\">\n\t\t<a href=\"https:\/\/bioenergo.fi\/fi\/category\/bioenergo\/\">BioEnergo tavoite on v\u00e4hent\u00e4\u00e4 liikenteen aiheuttamaa hiilidioksidia.<\/a>\n\t<\/div>\n\t\t\t<\/div>\n\t\t<div class=\"blog-post-title\">\n\t<h3 class=\"blog-title\">\n\t\t<a href=\"https:\/\/bioenergo.fi\/fi\/bioenergo-oy-has-submitted-an-application-for-environmental-permit-concerning-pori-advanced-biofuels-refinery-operations\/\">BioEnergo j\u00e4tti ymp\u00e4rist\u00f6lupahakemuksen Porin biokonversiolaitoksesta<\/a>\n\t<\/h3>\n<\/div>\n\t<\/div>\n<\/div>\n\t<\/div>\n<\/div>\n\t\t\t\t<\/div>\n\t\t\t\t\t\t\t\t<div class=\"swiper-slide\">\n\t\t\t\t\t<div class=\"blog-post-item blog-post-style-12\">\n\t<div class=\"blog-post-item-inner\">\n\t\t<div class=\"blog-post-wrapper\">\n\t<div class=\"post-thumbnail-cover\">\n\t\t<div class=\"blog-post-thumbnail-wrapper\">\n\t\t\t<div class=\"blog-post-thumbnail blog-post-thumbnail-with-img\">\n\t\t\t<img class=\"img-fluid\" src=\"https:\/\/bioenergo.fi\/wp-content\/uploads\/2023\/01\/C02-eng-e1675264306169.jpg\" alt=\"Ministry of Transport and Communications has published Roadmap for fossil-free transport proposal\" width=\"540\" height=\"540\">\n\t\t<\/div>\n\t\t<\/div>\n\t\t<div class=\"post-date-cover\">\n\t\t\t<div class=\"blog-post-date\"><span>15<\/span>tammi<\/div>\n\t\t<\/div>\n\t<\/div>\n\t<div class=\"post-content-cover\">\n\t\t<div class=\"blog-post-meta\">\n\t\t\t\t<div class=\"blog-post-category\">\n\t\t<a href=\"https:\/\/bioenergo.fi\/fi\/category\/industry\/\">Industry<\/a>\n\t<\/div>\n\t\t\t<\/div>\n\t\t<div class=\"blog-post-title\">\n\t<h3 class=\"blog-title\">\n\t\t<a href=\"https:\/\/bioenergo.fi\/fi\/ministry-of-transport-and-communications-has-published-roadmap-for-fossil-free-transport-proposal\/\">Liikenne- ja viestint\u00e4ministeri\u00f6 on julkaissut tiekartan fossiilittomalle liikenteelle<\/a>\n\t<\/h3>\n<\/div>\n\t<\/div>\n<\/div>\n\t<\/div>\n<\/div>\n\t\t\t\t<\/div>\n\t\t\t\t\t\t\t\t<div class=\"swiper-slide\">\n\t\t\t\t\t<div class=\"blog-post-item blog-post-style-12\">\n\t<div class=\"blog-post-item-inner\">\n\t\t<div class=\"blog-post-wrapper\">\n\t<div class=\"post-thumbnail-cover\">\n\t\t<div class=\"blog-post-thumbnail-wrapper\">\n\t\t\t<div class=\"blog-post-thumbnail blog-post-thumbnail-with-img\">\n\t\t\t<img class=\"img-fluid\" src=\"https:\/\/bioenergo.fi\/wp-content\/uploads\/2023\/01\/arla-e1675260848829.jpg\" alt=\"The Ministry of Economic Affairs and Employment of Finland is asking for comments\" width=\"540\" height=\"540\">\n\t\t<\/div>\n\t\t<\/div>\n\t\t<div class=\"post-date-cover\">\n\t\t\t<div class=\"blog-post-date\"><span>22<\/span>joulu<\/div>\n\t\t<\/div>\n\t<\/div>\n\t<div class=\"post-content-cover\">\n\t\t<div class=\"blog-post-meta\">\n\t\t\t\t<div class=\"blog-post-category\">\n\t\t<a href=\"https:\/\/bioenergo.fi\/fi\/category\/industry\/\">Industry<\/a>\n\t<\/div>\n\t\t\t<\/div>\n\t\t<div class=\"blog-post-title\">\n\t<h3 class=\"blog-title\">\n\t\t<a href=\"https:\/\/bioenergo.fi\/fi\/the-ministry-of-economic-affairs-and-employment-of-finland-is-asking-for-comments-on-the-legislation-proposal-that-will-be-used-to-enact-the-eu-renewable-energy-directive-red-ii-relating-to-the-prom\/\">Elinkeinoministeri\u00f6 on julkaissut lakiehdotuksen biopolttoaineiden k\u00e4yt\u00f6n edist\u00e4misest\u00e4 liikenteess\u00e4<\/a>\n\t<\/h3>\n<\/div>\n\t<\/div>\n<\/div>\n\t<\/div>\n<\/div>\n\t\t\t\t<\/div>\n\t\t\t\t\t\t\t\t<div class=\"swiper-slide\">\n\t\t\t\t\t<div class=\"blog-post-item blog-post-style-12\">\n\t<div class=\"blog-post-item-inner\">\n\t\t<div class=\"blog-post-wrapper\">\n\t<div class=\"post-thumbnail-cover\">\n\t\t<div class=\"blog-post-thumbnail-wrapper\">\n\t\t\t<div class=\"blog-post-thumbnail blog-post-thumbnail-with-img\">\n\t\t\t<img class=\"img-fluid\" src=\"https:\/\/bioenergo.fi\/wp-content\/uploads\/2020\/01\/Be-e1675264391998.png\" alt=\"BioEnergo submitted the planned Pori biorefinery environmental impact assessment study (EIA)\" width=\"540\" height=\"540\">\n\t\t<\/div>\n\t\t<\/div>\n\t\t<div class=\"post-date-cover\">\n\t\t\t<div class=\"blog-post-date\"><span>08<\/span>joulu<\/div>\n\t\t<\/div>\n\t<\/div>\n\t<div class=\"post-content-cover\">\n\t\t<div class=\"blog-post-meta\">\n\t\t\t\t<div class=\"blog-post-category\">\n\t\t<a href=\"https:\/\/bioenergo.fi\/fi\/category\/bioenergo\/\">BioEnergo tavoite on v\u00e4hent\u00e4\u00e4 liikenteen aiheuttamaa hiilidioksidia.<\/a>\n\t<\/div>\n\t\t\t<\/div>\n\t\t<div class=\"blog-post-title\">\n\t<h3 class=\"blog-title\">\n\t\t<a href=\"https:\/\/bioenergo.fi\/fi\/bioenergo-submitted-the-planned-pori-biorefinery-environmental-impact-assessment-study-eia\/\">BioEnergo toimitti suunnittelun kohteena olevan Porin biojalostamon ymp\u00e4rist\u00f6vaikutusten arviointitutkimuksen (YVA)<\/a>\n\t<\/h3>\n<\/div>\n\t<\/div>\n<\/div>\n\t<\/div>\n<\/div>\n\t\t\t\t<\/div>\n\t\t\t\t\t\t\t\t<div class=\"swiper-slide\">\n\t\t\t\t\t<div class=\"blog-post-item blog-post-style-12\">\n\t<div class=\"blog-post-item-inner\">\n\t\t<div class=\"blog-post-wrapper\">\n\t<div class=\"post-thumbnail-cover\">\n\t\t<div class=\"blog-post-thumbnail-wrapper\">\n\t\t\t<div class=\"blog-post-thumbnail blog-post-thumbnail-with-img\">\n\t\t\t<img class=\"img-fluid\" src=\"https:\/\/bioenergo.fi\/wp-content\/uploads\/2023\/01\/site-e1675260833907.jpg\" alt=\"Well-founded argumentation of Environmental Impact Report (EIR) from Varsinais-Suomen ELY-keskus\" width=\"540\" height=\"540\">\n\t\t<\/div>\n\t\t<\/div>\n\t\t<div class=\"post-date-cover\">\n\t\t\t<div class=\"blog-post-date\"><span>02<\/span>joulu<\/div>\n\t\t<\/div>\n\t<\/div>\n\t<div class=\"post-content-cover\">\n\t\t<div class=\"blog-post-meta\">\n\t\t\t\t<div class=\"blog-post-category\">\n\t\t<a href=\"https:\/\/bioenergo.fi\/fi\/category\/industry\/\">Industry<\/a>\n\t<\/div>\n\t\t\t<\/div>\n\t\t<div class=\"blog-post-title\">\n\t<h3 class=\"blog-title\">\n\t\t<a href=\"https:\/\/bioenergo.fi\/fi\/well-founded-argumentation-of-environmental-impact-report-eir-from-varsinais-suomen-ely-keskus\/\">Varsinais-Suomen ELY-keskuksen ymp\u00e4rist\u00f6vaikutusten raportin (EIR) perusteltu lausunto<\/a>\n\t<\/h3>\n<\/div>\n\t<\/div>\n<\/div>\n\t<\/div>\n<\/div>\n\t\t\t\t<\/div>\n\t\t\t\t\t\t<\/div>\n\t\t\t\t\t<div class=\"swiper-button-next show-on-hover\">\n\t\t\t\t<i class=\"fas fa-caret-right\"><\/i>\n\t\t\t<\/div>\n\t\t\t<div class=\"swiper-button-prev show-on-hover\">\n\t\t\t\t<i class=\"fas fa-caret-left\"><\/i>\n\t\t\t<\/div>\n\t\t\t\t<\/div>\n<\/div>\n<\/div>\n\t\t<\/div>\n\t\t<\/div><\/div><\/div><\/div><div class=\"vc_row-full-width vc_clearfix\"><\/div><\/div>","protected":false},"excerpt":{"rendered":"<p>The EIR of the planned bioconversion plant was handed over to Varsinais-Suomen ELY-keskus 07.07.2020. After careful consideration, it gave its well-founded argumentation of EIR in 02.12.2020. In EIR there are two construction alternatives. Both alternatives are considered possible, and the authorities share this consideration with some doubt. Especially the whole water impact of the plant [...]<\/p>","protected":false},"author":1,"featured_media":0,"parent":0,"menu_order":0,"comment_status":"closed","ping_status":"closed","template":"templates\/full-width.php","meta":{"_seopress_robots_primary_cat":"","footnotes":""},"_links":{"self":[{"href":"https:\/\/bioenergo.fi\/fi\/wp-json\/wp\/v2\/pages\/16302"}],"collection":[{"href":"https:\/\/bioenergo.fi\/fi\/wp-json\/wp\/v2\/pages"}],"about":[{"href":"https:\/\/bioenergo.fi\/fi\/wp-json\/wp\/v2\/types\/page"}],"author":[{"embeddable":true,"href":"https:\/\/bioenergo.fi\/fi\/wp-json\/wp\/v2\/users\/1"}],"replies":[{"embeddable":true,"href":"https:\/\/bioenergo.fi\/fi\/wp-json\/wp\/v2\/comments?post=16302"}],"version-history":[{"count":33,"href":"https:\/\/bioenergo.fi\/fi\/wp-json\/wp\/v2\/pages\/16302\/revisions"}],"predecessor-version":[{"id":16639,"href":"https:\/\/bioenergo.fi\/fi\/wp-json\/wp\/v2\/pages\/16302\/revisions\/16639"}],"wp:attachment":[{"href":"https:\/\/bioenergo.fi\/fi\/wp-json\/wp\/v2\/media?parent=16302"}],"curies":[{"name":"wp","href":"https:\/\/api.w.org\/{rel}","templated":true}]}}